{"id":6977,"date":"2016-06-13T10:01:13","date_gmt":"2016-06-13T08:01:13","guid":{"rendered":"https:\/\/www.dexway.com\/?page_id=6977"},"modified":"2024-02-05T12:54:42","modified_gmt":"2024-02-05T11:54:42","slug":"ebook-blended-elearning-idiomas","status":"publish","type":"page","link":"https:\/\/www.dexway.com\/es\/ebook-blended-elearning-idiomas\/","title":{"rendered":"Desc\u00e1rguese el eBook Blended Learning"},"content":{"rendered":"<p>[et_pb_section fb_built=\u00bb1&#8243; admin_label=\u00bbsection\u00bb _builder_version=\u00bb4.16&#8243; da_disable_devices=\u00bboff|off|off\u00bb global_colors_info=\u00bb{}\u00bb da_is_popup=\u00bboff\u00bb da_exit_intent=\u00bboff\u00bb da_has_close=\u00bbon\u00bb da_alt_close=\u00bboff\u00bb da_dark_close=\u00bboff\u00bb da_not_modal=\u00bbon\u00bb da_is_singular=\u00bboff\u00bb da_with_loader=\u00bboff\u00bb da_has_shadow=\u00bbon\u00bb][et_pb_row column_structure=\u00bb1_2,1_2&#8243; admin_label=\u00bbrow\u00bb _builder_version=\u00bb4.16&#8243; background_size=\u00bbinitial\u00bb background_position=\u00bbtop_left\u00bb background_repeat=\u00bbrepeat\u00bb global_colors_info=\u00bb{}\u00bb][et_pb_column type=\u00bb1_2&#8243; _builder_version=\u00bb4.16&#8243; custom_padding=\u00bb|||\u00bb global_colors_info=\u00bb{}\u00bb custom_padding__hover=\u00bb|||\u00bb][et_pb_text admin_label=\u00bbTexto\u00bb _builder_version=\u00bb4.16&#8243; background_size=\u00bbinitial\u00bb background_position=\u00bbtop_left\u00bb background_repeat=\u00bbrepeat\u00bb custom_padding=\u00bb||0px|||\u00bb use_border_color=\u00bboff\u00bb global_colors_info=\u00bb{}\u00bb]<\/p>\n<h2 style=\"text-align: center;\">Descargue gratis el e-book \u00abEl \u00e9xito del Blended Learning en idiomas\u00bb<\/h2>\n<h2 style=\"text-align: center;\"><\/h2>\n<p>[\/et_pb_text][et_pb_image src=\u00bbhttps:\/\/www.dexway.com\/wp-content\/uploads\/2020\/10\/ebook-blended-leanring-exito.jpg\u00bb alt=\u00bbEl \u00e9xito del blended learning\u00bb title_text=\u00bb\u00c9xito del blended learining\u00bb align=\u00bbcenter\u00bb align_tablet=\u00bbcenter\u00bb align_phone=\u00bb\u00bb align_last_edited=\u00bbon|desktop\u00bb admin_label=\u00bbImagen\u00bb _builder_version=\u00bb4.16&#8243; width=\u00bb100%\u00bb border_width_all=\u00bb1px\u00bb border_color_all=\u00bbrgba(51,51,51,0.13)\u00bb use_border_color=\u00bboff\u00bb always_center_on_mobile=\u00bbon\u00bb global_colors_info=\u00bb{}\u00bb][\/et_pb_image][et_pb_text admin_label=\u00bbTexto\u00bb _builder_version=\u00bb4.16&#8243; background_size=\u00bbinitial\u00bb background_position=\u00bbtop_left\u00bb background_repeat=\u00bbrepeat\u00bb use_border_color=\u00bboff\u00bb global_colors_info=\u00bb{}\u00bb]<\/p>\n<p>Est\u00e1 demostrado que el \u00a0<strong>Blended Learning,<\/strong>\u00a0como\u00a0<strong>aprendizaje mixto<\/strong>\u00a0que combina la \u00a0<strong>formaci\u00f3n presencial<\/strong>\u00a0con la \u00a0<strong>formaci\u00f3n online,<\/strong>\u00a0es el modelo pedag\u00f3gico que mejor alcanza los resultados de los alumnos y de la ense\u00f1anza de los profesores en las instituciones educativas.\u00a0A lo largo de este ebook descubrir\u00e1 m\u00e1s acerca de:<\/p>\n<ul>\n<li>Ventajas el aprendizaje Blended Learning<\/li>\n<li>Implementaci\u00f3n del m\u00e9todo Blended Learning<\/li>\n<li>La tecnolog\u00eda educativa, el complemento perfecto<\/li>\n<li>Plataformas educativas, el entorno virtual adecuado<\/li>\n<li>Flipped Classroom o Aula Inversa y mucho m\u00e1s!<\/li>\n<\/ul>\n<p>Hoy en d\u00eda no ofrecer este formato educativo es perderse una gran\u00a0<strong>oportunidad<\/strong>. \u00a1Descubra el porqu\u00e9 de su eficacia en este e-book!<\/p>\n<p>[\/et_pb_text][\/et_pb_column][et_pb_column type=\u00bb1_2&#8243; _builder_version=\u00bb4.16&#8243; custom_padding=\u00bb|||\u00bb global_colors_info=\u00bb{}\u00bb custom_padding__hover=\u00bb|||\u00bb][et_pb_text admin_label=\u00bbTexto\u00bb _builder_version=\u00bb4.16&#8243; use_border_color=\u00bboff\u00bb border_color=\u00bb#ffffff\u00bb border_style=\u00bbsolid\u00bb global_colors_info=\u00bb{}\u00bb background_size=\u00bbinitial\u00bb background_position=\u00bbtop_left\u00bb background_repeat=\u00bbrepeat\u00bb custom_padding=\u00bb29px|35px|43px|35px|false|false\u00bb border_width_all=\u00bb1px\u00bb border_style_all=\u00bbdashed\u00bb]<\/p>\n\n<div class=\"wpcf7 no-js\" id=\"wpcf7-f6979-o1\" lang=\"es-ES\" dir=\"ltr\" data-wpcf7-id=\"6979\">\n<div class=\"screen-reader-response\"><p role=\"status\" aria-live=\"polite\" aria-atomic=\"true\"><\/p> <ul><\/ul><\/div>\n<form action=\"\/es\/wp-json\/wp\/v2\/pages\/6977#wpcf7-f6979-o1\" method=\"post\" class=\"wpcf7-form init wpcf7-acceptance-as-validation\" aria-label=\"Formulario de contacto\" novalidate=\"novalidate\" data-status=\"init\">\n<fieldset class=\"hidden-fields-container\"><input type=\"hidden\" name=\"_wpcf7\" value=\"6979\" \/><input type=\"hidden\" name=\"_wpcf7_version\" value=\"6.1.5\" \/><input type=\"hidden\" name=\"_wpcf7_locale\" value=\"es_ES\" \/><input type=\"hidden\" name=\"_wpcf7_unit_tag\" value=\"wpcf7-f6979-o1\" \/><input type=\"hidden\" name=\"_wpcf7_container_post\" value=\"0\" \/><input type=\"hidden\" name=\"_wpcf7_posted_data_hash\" value=\"\" \/>\n<\/fieldset>\n<p>Nombre\n<\/p>\n<p><span class=\"wpcf7-form-control-wrap\" data-name=\"your-name\"><input size=\"40\" maxlength=\"400\" class=\"wpcf7-form-control wpcf7-text wpcf7-validates-as-required\" aria-required=\"true\" aria-invalid=\"false\" value=\"\" type=\"text\" name=\"your-name\" \/><\/span>\n<\/p>\n<p>Pa\u00eds\n<\/p>\n<p><span class=\"wpcf7-form-control-wrap\" data-name=\"your-country\"><input size=\"40\" maxlength=\"400\" class=\"wpcf7-form-control wpcf7-text wpcf7-validates-as-required\" aria-required=\"true\" aria-invalid=\"false\" value=\"\" type=\"text\" name=\"your-country\" \/><\/span>\n<\/p>\n<p>Correo electr\u00f3nico de centro educativo, empresa o instituci\u00f3n\n<\/p>\n<p><span class=\"wpcf7-form-control-wrap\" data-name=\"your-email\"><input size=\"40\" maxlength=\"400\" class=\"wpcf7-form-control wpcf7-email wpcf7-validates-as-required wpcf7-text wpcf7-validates-as-email\" aria-required=\"true\" aria-invalid=\"false\" value=\"\" type=\"email\" name=\"your-email\" \/><\/span>\n<\/p>\n<p>Web de centro educativo, empresa o instituci\u00f3n\n<\/p>\n<p><span class=\"wpcf7-form-control-wrap\" data-name=\"empresa\"><input size=\"40\" maxlength=\"400\" class=\"wpcf7-form-control wpcf7-text wpcf7-validates-as-required\" aria-required=\"true\" aria-invalid=\"false\" value=\"\" type=\"text\" name=\"empresa\" \/><\/span>\n<\/p>\n<p>Tipo de sector\n<\/p>\n<p><span class=\"wpcf7-form-control-wrap\" data-name=\"sector\"><select class=\"wpcf7-form-control wpcf7-select wpcf7-validates-as-required\" aria-required=\"true\" aria-invalid=\"false\" name=\"sector\"><option value=\"Seleccionar...\">Seleccionar...<\/option><option value=\"Educativo\">Educativo<\/option><option value=\"Corporativo\">Corporativo<\/option><option value=\"Academias\/centros formaci\u00f3n\">Academias\/centros formaci\u00f3n<\/option><option value=\"Partner\/Distribuidor\">Partner\/Distribuidor<\/option><\/select><\/span>\n<\/p>\n<p><span class=\"wpcf7-form-control-wrap\" data-name=\"politica\"><span class=\"wpcf7-form-control wpcf7-acceptance\"><span class=\"wpcf7-list-item\"><input type=\"checkbox\" name=\"politica\" value=\"1\" aria-invalid=\"false\" \/><\/span><\/span><\/span> Doy mi consentimiento para el procesamiento de datos de acuerdo con su <a href=\"https:\/\/www.dexway.com\/es\/privacy-policy-and-pos\/\" target=\"_blank\">pol\u00edtica de privacidad.<\/a> S\u00ed, me gustar\u00eda ser contactado y recibir informaci\u00f3n actualizada por correo electr\u00f3nico y tel\u00e9fono pol\u00edtica de privacidad.\n<\/p>\n<p>\n\t<center><input class=\"wpcf7-form-control wpcf7-submit has-spinner\" type=\"submit\" value=\"Solicitar eBook\" \/>\n\t<\/center>\n<\/p>\n<p class=\"politica__new\"  style=\"font-size:8pt;\">Computer Aided E-learning\/CAE Computer Aided USA Corp. le informa de que los datos de car\u00e1cter personal que nos proporcione al rellenar el presente formulario ser\u00e1n tratados por Computer Aided E-learning\/CAE Computer Aided USA Corp. , empresa responsable de esta web, y estar\u00e1n sujetos a las leyes vigentes de recogida, tratamiento y uso que establece la UE. La finalidad de la recogida y tratamiento de sus datos personales tiene los objetivos de atender su solicitud de informaci\u00f3n y contactar con usted en el futuro a trav\u00e9s de nuestras newsletters (bimensuales). Tiene derecho a acceder, rectificar, limitar o suprimir sus datos en el momento que lo desee como se explica en<a href=\"https:\/\/www.dexway.com\/es\/privacy-policy-and-pos\/\" target=\"_blank\"> nuestro apartado de Privacidad<\/a>.\n<\/p><input type='hidden' class='wpcf7-pum' value='{\"closepopup\":false,\"closedelay\":0,\"openpopup\":false,\"openpopup_id\":0}' \/><div class=\"wpcf7-response-output\" aria-hidden=\"true\"><\/div>\n<\/form>\n<\/div>\n\n<p>[\/et_pb_text][\/et_pb_column][\/et_pb_row][\/et_pb_section]<\/p>\n","protected":false},"excerpt":{"rendered":"<p>Descargue gratis el e-book \u00abEl \u00e9xito del Blended Learning en idiomas\u00bb Est\u00e1 demostrado que el \u00a0Blended Learning,\u00a0como\u00a0aprendizaje mixto\u00a0que combina la \u00a0formaci\u00f3n presencial\u00a0con la \u00a0formaci\u00f3n online,\u00a0es el modelo pedag\u00f3gico que mejor alcanza los resultados de los alumnos y de la ense\u00f1anza de los profesores en las instituciones educativas.\u00a0A lo largo de este ebook descubrir\u00e1 m\u00e1s acerca [&hellip;]<\/p>\n","protected":false},"author":17,"featured_media":0,"parent":0,"menu_order":0,"comment_status":"open","ping_status":"open","template":"","meta":{"_et_pb_use_builder":"on","_et_pb_old_content":"","_et_gb_content_width":"","footnotes":""},"class_list":["post-6977","page","type-page","status-publish","hentry"],"yoast_head":"<!-- This site is optimized with the Yoast SEO plugin v27.3 - https:\/\/yoast.com\/product\/yoast-seo-wordpress\/ -->\n<title>Desc\u00e1rguese el eBook del Blended Learning ahora<\/title>\n<meta name=\"description\" content=\"El blended learning es el modelo pedag\u00f3gico por excelencia para el aprendizaje de idiomas. Un m\u00e9todo eficaz en el 100% de los casos. Descarga el ebook ahora\" \/>\n<meta name=\"robots\" content=\"index, follow, max-snippet:-1, max-image-preview:large, max-video-preview:-1\" \/>\n<link rel=\"canonical\" href=\"https:\/\/www.dexway.com\/es\/ebook-blended-elearning-idiomas\/\" \/>\n<meta property=\"og:locale\" content=\"es_ES\" \/>\n<meta property=\"og:type\" content=\"article\" \/>\n<meta property=\"og:title\" content=\"Desc\u00e1rguese el eBook del Blended Learning ahora\" \/>\n<meta property=\"og:description\" content=\"El blended learning es el modelo pedag\u00f3gico por excelencia para el aprendizaje de idiomas. Un m\u00e9todo eficaz en el 100% de los casos. Descarga el ebook ahora\" \/>\n<meta property=\"og:url\" content=\"https:\/\/www.dexway.com\/es\/ebook-blended-elearning-idiomas\/\" \/>\n<meta property=\"og:site_name\" content=\"Dexway\" \/>\n<meta property=\"article:publisher\" content=\"https:\/\/www.facebook.com\/dexwayidiomas\" \/>\n<meta property=\"article:modified_time\" content=\"2024-02-05T11:54:42+00:00\" \/>\n<meta property=\"og:image\" content=\"https:\/\/www.dexway.com\/wp-content\/uploads\/2025\/11\/dexway.jpg\" \/>\n\t<meta property=\"og:image:width\" content=\"800\" \/>\n\t<meta property=\"og:image:height\" content=\"500\" \/>\n\t<meta property=\"og:image:type\" content=\"image\/jpeg\" \/>\n<meta name=\"twitter:card\" content=\"summary_large_image\" \/>\n<meta name=\"twitter:site\" content=\"@mydexway\" \/>\n<meta name=\"twitter:label1\" content=\"Tiempo de lectura\" \/>\n\t<meta name=\"twitter:data1\" content=\"2 minutos\" \/>\n<script type=\"application\/ld+json\" class=\"yoast-schema-graph\">{\"@context\":\"https:\\\/\\\/schema.org\",\"@graph\":[{\"@type\":\"WebPage\",\"@id\":\"https:\\\/\\\/www.dexway.com\\\/es\\\/ebook-blended-elearning-idiomas\\\/\",\"url\":\"https:\\\/\\\/www.dexway.com\\\/es\\\/ebook-blended-elearning-idiomas\\\/\",\"name\":\"Desc\u00e1rguese el eBook del Blended Learning ahora\",\"isPartOf\":{\"@id\":\"https:\\\/\\\/www.dexway.com\\\/#website\"},\"datePublished\":\"2016-06-13T08:01:13+00:00\",\"dateModified\":\"2024-02-05T11:54:42+00:00\",\"description\":\"El blended learning es el modelo pedag\u00f3gico por excelencia para el aprendizaje de idiomas. Un m\u00e9todo eficaz en el 100% de los casos. Descarga el ebook ahora\",\"breadcrumb\":{\"@id\":\"https:\\\/\\\/www.dexway.com\\\/es\\\/ebook-blended-elearning-idiomas\\\/#breadcrumb\"},\"inLanguage\":\"es\",\"potentialAction\":[{\"@type\":\"ReadAction\",\"target\":[\"https:\\\/\\\/www.dexway.com\\\/es\\\/ebook-blended-elearning-idiomas\\\/\"]}]},{\"@type\":\"BreadcrumbList\",\"@id\":\"https:\\\/\\\/www.dexway.com\\\/es\\\/ebook-blended-elearning-idiomas\\\/#breadcrumb\",\"itemListElement\":[{\"@type\":\"ListItem\",\"position\":1,\"name\":\"Portada\",\"item\":\"https:\\\/\\\/www.dexway.com\\\/es\\\/\"},{\"@type\":\"ListItem\",\"position\":2,\"name\":\"Desc\u00e1rguese el eBook Blended Learning\"}]},{\"@type\":\"WebSite\",\"@id\":\"https:\\\/\\\/www.dexway.com\\\/#website\",\"url\":\"https:\\\/\\\/www.dexway.com\\\/\",\"name\":\"Dexway\",\"description\":\"Innovation in Languages\",\"publisher\":{\"@id\":\"https:\\\/\\\/www.dexway.com\\\/#organization\"},\"potentialAction\":[{\"@type\":\"SearchAction\",\"target\":{\"@type\":\"EntryPoint\",\"urlTemplate\":\"https:\\\/\\\/www.dexway.com\\\/?s={search_term_string}\"},\"query-input\":{\"@type\":\"PropertyValueSpecification\",\"valueRequired\":true,\"valueName\":\"search_term_string\"}}],\"inLanguage\":\"es\"},{\"@type\":\"Organization\",\"@id\":\"https:\\\/\\\/www.dexway.com\\\/#organization\",\"name\":\"Dexway\",\"url\":\"https:\\\/\\\/www.dexway.com\\\/\",\"logo\":{\"@type\":\"ImageObject\",\"inLanguage\":\"es\",\"@id\":\"https:\\\/\\\/www.dexway.com\\\/#\\\/schema\\\/logo\\\/image\\\/\",\"url\":\"https:\\\/\\\/www.dexway.com\\\/wp-content\\\/uploads\\\/2018\\\/09\\\/PNG100-innovation-in-languages-Logo-Dexway-RGB.png\",\"contentUrl\":\"https:\\\/\\\/www.dexway.com\\\/wp-content\\\/uploads\\\/2018\\\/09\\\/PNG100-innovation-in-languages-Logo-Dexway-RGB.png\",\"width\":314,\"height\":100,\"caption\":\"Dexway\"},\"image\":{\"@id\":\"https:\\\/\\\/www.dexway.com\\\/#\\\/schema\\\/logo\\\/image\\\/\"},\"sameAs\":[\"https:\\\/\\\/www.facebook.com\\\/dexwayidiomas\",\"https:\\\/\\\/x.com\\\/mydexway\",\"https:\\\/\\\/www.linkedin.com\\\/company\\\/dexway\\\/\",\"https:\\\/\\\/www.instagram.com\\\/dexway_idiomas\\\/\"]}]}<\/script>\n<!-- \/ Yoast SEO plugin. -->","yoast_head_json":{"title":"Desc\u00e1rguese el eBook del Blended Learning ahora","description":"El blended learning es el modelo pedag\u00f3gico por excelencia para el aprendizaje de idiomas. Un m\u00e9todo eficaz en el 100% de los casos. Descarga el ebook ahora","robots":{"index":"index","follow":"follow","max-snippet":"max-snippet:-1","max-image-preview":"max-image-preview:large","max-video-preview":"max-video-preview:-1"},"canonical":"https:\/\/www.dexway.com\/es\/ebook-blended-elearning-idiomas\/","og_locale":"es_ES","og_type":"article","og_title":"Desc\u00e1rguese el eBook del Blended Learning ahora","og_description":"El blended learning es el modelo pedag\u00f3gico por excelencia para el aprendizaje de idiomas. Un m\u00e9todo eficaz en el 100% de los casos. Descarga el ebook ahora","og_url":"https:\/\/www.dexway.com\/es\/ebook-blended-elearning-idiomas\/","og_site_name":"Dexway","article_publisher":"https:\/\/www.facebook.com\/dexwayidiomas","article_modified_time":"2024-02-05T11:54:42+00:00","og_image":[{"width":800,"height":500,"url":"https:\/\/www.dexway.com\/wp-content\/uploads\/2025\/11\/dexway.jpg","type":"image\/jpeg"}],"twitter_card":"summary_large_image","twitter_site":"@mydexway","twitter_misc":{"Tiempo de lectura":"2 minutos"},"schema":{"@context":"https:\/\/schema.org","@graph":[{"@type":"WebPage","@id":"https:\/\/www.dexway.com\/es\/ebook-blended-elearning-idiomas\/","url":"https:\/\/www.dexway.com\/es\/ebook-blended-elearning-idiomas\/","name":"Desc\u00e1rguese el eBook del Blended Learning ahora","isPartOf":{"@id":"https:\/\/www.dexway.com\/#website"},"datePublished":"2016-06-13T08:01:13+00:00","dateModified":"2024-02-05T11:54:42+00:00","description":"El blended learning es el modelo pedag\u00f3gico por excelencia para el aprendizaje de idiomas. Un m\u00e9todo eficaz en el 100% de los casos. Descarga el ebook ahora","breadcrumb":{"@id":"https:\/\/www.dexway.com\/es\/ebook-blended-elearning-idiomas\/#breadcrumb"},"inLanguage":"es","potentialAction":[{"@type":"ReadAction","target":["https:\/\/www.dexway.com\/es\/ebook-blended-elearning-idiomas\/"]}]},{"@type":"BreadcrumbList","@id":"https:\/\/www.dexway.com\/es\/ebook-blended-elearning-idiomas\/#breadcrumb","itemListElement":[{"@type":"ListItem","position":1,"name":"Portada","item":"https:\/\/www.dexway.com\/es\/"},{"@type":"ListItem","position":2,"name":"Desc\u00e1rguese el eBook Blended Learning"}]},{"@type":"WebSite","@id":"https:\/\/www.dexway.com\/#website","url":"https:\/\/www.dexway.com\/","name":"Dexway","description":"Innovation in Languages","publisher":{"@id":"https:\/\/www.dexway.com\/#organization"},"potentialAction":[{"@type":"SearchAction","target":{"@type":"EntryPoint","urlTemplate":"https:\/\/www.dexway.com\/?s={search_term_string}"},"query-input":{"@type":"PropertyValueSpecification","valueRequired":true,"valueName":"search_term_string"}}],"inLanguage":"es"},{"@type":"Organization","@id":"https:\/\/www.dexway.com\/#organization","name":"Dexway","url":"https:\/\/www.dexway.com\/","logo":{"@type":"ImageObject","inLanguage":"es","@id":"https:\/\/www.dexway.com\/#\/schema\/logo\/image\/","url":"https:\/\/www.dexway.com\/wp-content\/uploads\/2018\/09\/PNG100-innovation-in-languages-Logo-Dexway-RGB.png","contentUrl":"https:\/\/www.dexway.com\/wp-content\/uploads\/2018\/09\/PNG100-innovation-in-languages-Logo-Dexway-RGB.png","width":314,"height":100,"caption":"Dexway"},"image":{"@id":"https:\/\/www.dexway.com\/#\/schema\/logo\/image\/"},"sameAs":["https:\/\/www.facebook.com\/dexwayidiomas","https:\/\/x.com\/mydexway","https:\/\/www.linkedin.com\/company\/dexway\/","https:\/\/www.instagram.com\/dexway_idiomas\/"]}]}},"_links":{"self":[{"href":"https:\/\/www.dexway.com\/es\/wp-json\/wp\/v2\/pages\/6977","targetHints":{"allow":["GET"]}}],"collection":[{"href":"https:\/\/www.dexway.com\/es\/wp-json\/wp\/v2\/pages"}],"about":[{"href":"https:\/\/www.dexway.com\/es\/wp-json\/wp\/v2\/types\/page"}],"author":[{"embeddable":true,"href":"https:\/\/www.dexway.com\/es\/wp-json\/wp\/v2\/users\/17"}],"replies":[{"embeddable":true,"href":"https:\/\/www.dexway.com\/es\/wp-json\/wp\/v2\/comments?post=6977"}],"version-history":[{"count":1,"href":"https:\/\/www.dexway.com\/es\/wp-json\/wp\/v2\/pages\/6977\/revisions"}],"predecessor-version":[{"id":27507,"href":"https:\/\/www.dexway.com\/es\/wp-json\/wp\/v2\/pages\/6977\/revisions\/27507"}],"wp:attachment":[{"href":"https:\/\/www.dexway.com\/es\/wp-json\/wp\/v2\/media?parent=6977"}],"curies":[{"name":"wp","href":"https:\/\/api.w.org\/{rel}","templated":true}]}}