{"id":236,"date":"2015-07-13T16:42:32","date_gmt":"2015-07-13T15:42:32","guid":{"rendered":"http:\/\/testing.dexway.com\/?page_id=236"},"modified":"2026-04-20T13:08:09","modified_gmt":"2026-04-20T11:08:09","slug":"blog","status":"publish","type":"page","link":"https:\/\/www.dexway.com\/es\/blog\/","title":{"rendered":"El blog elearning de idiomas"},"content":{"rendered":"<p>[et_pb_section fb_built=\u00bb1&#8243; admin_label=\u00bbsection\u00bb _builder_version=\u00bb4.16&#8243; custom_margin=\u00bb0px||||false|false\u00bb custom_padding=\u00bb||26px|||\u00bb da_disable_devices=\u00bboff|off|off\u00bb global_colors_info=\u00bb{}\u00bb da_is_popup=\u00bboff\u00bb da_exit_intent=\u00bboff\u00bb da_has_close=\u00bbon\u00bb da_alt_close=\u00bboff\u00bb da_dark_close=\u00bboff\u00bb da_not_modal=\u00bbon\u00bb da_is_singular=\u00bboff\u00bb da_with_loader=\u00bboff\u00bb da_has_shadow=\u00bbon\u00bb][et_pb_row admin_label=\u00bbrow\u00bb _builder_version=\u00bb4.16&#8243; background_size=\u00bbinitial\u00bb background_position=\u00bbtop_left\u00bb background_repeat=\u00bbrepeat\u00bb global_colors_info=\u00bb{}\u00bb][et_pb_column type=\u00bb4_4&#8243; _builder_version=\u00bb4.16&#8243; custom_padding=\u00bb|||\u00bb global_colors_info=\u00bb{}\u00bb custom_padding__hover=\u00bb|||\u00bb][et_pb_text admin_label=\u00bbTexto\u00bb _builder_version=\u00bb4.23.1&#8243; text_line_height=\u00bb2em\u00bb header_font=\u00bb|700||on|||||\u00bb background_size=\u00bbinitial\u00bb background_position=\u00bbtop_left\u00bb background_repeat=\u00bbrepeat\u00bb use_border_color=\u00bboff\u00bb global_colors_info=\u00bb{}\u00bb]<\/p>\n<h1 style=\"text-align: center;\">Blog e-learning Dexway<\/h1>\n<p style=\"text-align: center;\">Blog e-learning sobre informaci\u00f3n relevante de actualidad referente a la formaci\u00f3n online, metodolog\u00edas de ense\u00f1anza, herramientas para impartir clases e-learning y el aprendizaje de idiomas a distancia con apoyo de tecnolog\u00eda educativa<\/p>\n<p>[\/et_pb_text][\/et_pb_column][\/et_pb_row][et_pb_row admin_label=\u00bbrow\u00bb _builder_version=\u00bb4.16&#8243; background_size=\u00bbinitial\u00bb background_position=\u00bbtop_left\u00bb background_repeat=\u00bbrepeat\u00bb global_colors_info=\u00bb{}\u00bb][et_pb_column type=\u00bb4_4&#8243; _builder_version=\u00bb4.16&#8243; custom_padding=\u00bb|||\u00bb global_colors_info=\u00bb{}\u00bb custom_padding__hover=\u00bb|||\u00bb][et_pb_blog fullwidth=\u00bboff\u00bb posts_number=\u00bb15&#8243; include_categories=\u00bb96,240,97,72,85,56,1,47,120,730,716,735,778,781,720&#8243; use_manual_excerpt=\u00bboff\u00bb excerpt_length=\u00bb150&#8243; show_author=\u00bboff\u00bb show_date=\u00bboff\u00bb _builder_version=\u00bb4.27.6&#8243; header_font=\u00bb|600|||||||\u00bb body_text_align=\u00bbleft\u00bb body_line_height=\u00bb1.5em\u00bb meta_text_color=\u00bb#00abc9&#8243; meta_font_size=\u00bb12px\u00bb meta_line_height=\u00bb2em\u00bb width=\u00bb100%\u00bb max_width=\u00bb100%\u00bb animation_style=\u00bbfade\u00bb hover_enabled=\u00bb0&#8243; pagination_font_size_tablet=\u00bb51&#8243; pagination_line_height_tablet=\u00bb2&#8243; border_radii=\u00bbon|8px|8px|8px|8px\u00bb box_shadow_style=\u00bbpreset3&#8243; box_shadow_vertical=\u00bb0px\u00bb box_shadow_blur=\u00bb13px\u00bb use_border_color=\u00bboff\u00bb use_dropshadow=\u00bboff\u00bb global_colors_info=\u00bb{}\u00bb sticky_enabled=\u00bb0&#8243;][\/et_pb_blog][\/et_pb_column][\/et_pb_row][\/et_pb_section][et_pb_section fb_built=\u00bb1&#8243; _builder_version=\u00bb4.25.1&#8243; _module_preset=\u00bbdefault\u00bb custom_padding=\u00bb||30px|||\u00bb da_disable_devices=\u00bboff|off|off\u00bb global_colors_info=\u00bb{}\u00bb da_is_popup=\u00bboff\u00bb da_exit_intent=\u00bboff\u00bb da_has_close=\u00bbon\u00bb da_alt_close=\u00bboff\u00bb da_dark_close=\u00bboff\u00bb da_not_modal=\u00bbon\u00bb da_is_singular=\u00bboff\u00bb da_with_loader=\u00bboff\u00bb da_has_shadow=\u00bbon\u00bb][et_pb_row _builder_version=\u00bb4.25.1&#8243; _module_preset=\u00bbdefault\u00bb global_colors_info=\u00bb{}\u00bb][et_pb_column type=\u00bb4_4&#8243; _builder_version=\u00bb4.25.1&#8243; _module_preset=\u00bbdefault\u00bb global_colors_info=\u00bb{}\u00bb][et_pb_text _builder_version=\u00bb4.27.0&#8243; _module_preset=\u00bbdefault\u00bb text_font_size=\u00bb17px\u00bb global_colors_info=\u00bb{}\u00bb]<\/p>\n<p style=\"text-align: center;\"><a href=\"https:\/\/www.dexway.com\/es\/aula-invertida-es\/\">Aula invertida<\/a> \u00b7 <a href=\"https:\/\/www.dexway.com\/es\/blended-learning-es\/\">Blended learning<\/a> \u00b7 <a href=\"https:\/\/www.dexway.com\/es\/inteligencia-artificial-ia\/\">Inteligencia artificial<\/a> \u00b7\u00a0 <a href=\"https:\/\/www.dexway.com\/es\/metodo-presencial\/\">Metodo presencial<\/a> \u00b7 <a href=\"https:\/\/www.dexway.com\/es\/noticias\/\">Noticias<\/a> \u00b7 <a href=\"https:\/\/www.dexway.com\/es\/tecnologias-educativas\/\">Tecnolog\u00eda educativa<\/a> \u00b7 <a href=\"https:\/\/www.dexway.com\/es\/test-de-nivel\/\">Test de nivel<\/a><\/p>\n<p>[\/et_pb_text][\/et_pb_column][\/et_pb_row][\/et_pb_section][et_pb_section fb_built=\u00bb1&#8243; _builder_version=\u00bb4.16&#8243; _module_preset=\u00bbdefault\u00bb background_color=\u00bb#00abc9&#8243; top_divider_color=\u00bb#00abc9&#8243; top_divider_flip=\u00bbvertical|horizontal\u00bb bottom_divider_color=\u00bb#ffffff\u00bb bottom_divider_arrangement=\u00bbabove_content\u00bb da_disable_devices=\u00bboff|off|off\u00bb global_colors_info=\u00bb{}\u00bb da_is_popup=\u00bboff\u00bb da_exit_intent=\u00bboff\u00bb da_has_close=\u00bbon\u00bb da_alt_close=\u00bboff\u00bb da_dark_close=\u00bboff\u00bb da_not_modal=\u00bbon\u00bb da_is_singular=\u00bboff\u00bb da_with_loader=\u00bboff\u00bb da_has_shadow=\u00bbon\u00bb][et_pb_row column_structure=\u00bb1_2,1_2&#8243; _builder_version=\u00bb4.16&#8243; _module_preset=\u00bbdefault\u00bb custom_padding=\u00bb16px|||||\u00bb global_colors_info=\u00bb{}\u00bb][et_pb_column type=\u00bb1_2&#8243; _builder_version=\u00bb4.16&#8243; _module_preset=\u00bbdefault\u00bb global_colors_info=\u00bb{}\u00bb][et_pb_text _builder_version=\u00bb4.23.4&#8243; _module_preset=\u00bbdefault\u00bb global_colors_info=\u00bb{}\u00bb][\/et_pb_text][et_pb_image src=\u00bbhttps:\/\/www.dexway.com\/wp-content\/uploads\/2023\/07\/trabajar-temas-ODS-en-aulas-de-idiomas-portada.jpg\u00bb alt=\u00bbBlog E-learning en espa\u00f1ol\u00bb title_text=\u00bbArt\u00edculos de blog sobre e-learning en espa\u00f1ol\u00bb _builder_version=\u00bb4.23.4&#8243; _module_preset=\u00bbdefault\u00bb global_colors_info=\u00bb{}\u00bb][\/et_pb_image][\/et_pb_column][et_pb_column type=\u00bb1_2&#8243; _builder_version=\u00bb4.16&#8243; _module_preset=\u00bbdefault\u00bb global_colors_info=\u00bb{}\u00bb][et_pb_signup mailchimp_list=\u00bbCAE15|621dc3d57f\u00bb layout=\u00bbtop_bottom\u00bb first_name_field=\u00bboff\u00bb last_name_field=\u00bboff\u00bb use_custom_fields=\u00bbon\u00bb success_message=\u00bbGracias por suscribirse a nuestra newsletter.\u00bb title=\u00bbSuscr\u00edbase a nuestra newsletter\u00bb button_text=\u00bbMe suscribo\u00bb description=\u00bb<\/p>\n<p>Adem\u00e1s de visitar frecuentemente nuestro blog e-learning, est\u00e9 al d\u00eda de todas las novedades referentes al mundo del e-learning apunt\u00e1ndose a nuestra Newsletter.<\/p>\n<p>\u00bb _builder_version=\u00bb4.27.5&#8243; _module_preset=\u00bbdefault\u00bb body_font_size=\u00bb17px\u00bb form_field_font_size=\u00bb13px\u00bb custom_button=\u00bbon\u00bb button_bg_color=\u00bb#FFFFFF\u00bb button_border_radius=\u00bb5px\u00bb button_icon_color=\u00bb#FFFFFF\u00bb global_colors_info=\u00bb{}\u00bb][et_pb_signup_custom_field field_id=\u00bb0475259f1f\u00bb field_title=\u00bbPol\u00edtica\u00bb field_type=\u00bbcheckbox\u00bb checkbox_options=\u00bb%91{%22checked%22:0,%22value%22:%22He le\u00eddo y acepto la pol\u00edtica de privacidad%22,%22id%22:%22dba7f32453%22},{%22checked%22:0,%22value%22:%22S\u00ed, me gustar\u00eda ser contactado y recibir informaci\u00f3n actualizada por correo electr\u00f3nico.%22,%22id%22:%227d8f9c2274%22},{%22checked%22:0,%22value%22:%22S\u00ed, me gustar\u00eda ser contactado y recibir informaci\u00f3n actualizada por tel\u00e9fono%22,%22id%22:%22ddccc9ed37%22}%93&#8243; _builder_version=\u00bb4.16&#8243; _module_preset=\u00bbdefault\u00bb global_colors_info=\u00bb{}\u00bb predefined_field=\u00bb0475259f1f\u00bb][\/et_pb_signup_custom_field][\/et_pb_signup][\/et_pb_column][\/et_pb_row][\/et_pb_section]<\/p>\n","protected":false},"excerpt":{"rendered":"<p>Blog e-learning Dexway Blog e-learning sobre informaci\u00f3n relevante de actualidad referente a la formaci\u00f3n online, metodolog\u00edas de ense\u00f1anza, herramientas para impartir clases e-learning y el aprendizaje de idiomas a distancia con apoyo de tecnolog\u00eda educativaAula invertida \u00b7 Blended learning \u00b7 Inteligencia artificial \u00b7\u00a0 Metodo presencial \u00b7 Noticias \u00b7 Tecnolog\u00eda educativa \u00b7 Test de nivel<\/p>\n","protected":false},"author":17,"featured_media":0,"parent":0,"menu_order":0,"comment_status":"open","ping_status":"open","template":"","meta":{"_et_pb_use_builder":"on","_et_pb_old_content":"","_et_gb_content_width":"","footnotes":""},"class_list":["post-236","page","type-page","status-publish","hentry"],"yoast_head":"<!-- This site is optimized with the Yoast SEO plugin v27.3 - https:\/\/yoast.com\/product\/yoast-seo-wordpress\/ -->\n<title>Blog elearning educativo de idiomas online, blended, laboratorios<\/title>\n<meta name=\"description\" content=\"Blog elearning de idiomas del sector educativo. Hablamos sobre tendencias en blended learning, formaci\u00f3n online, laboratorios, IA\" \/>\n<meta name=\"robots\" content=\"index, follow, max-snippet:-1, max-image-preview:large, max-video-preview:-1\" \/>\n<link rel=\"canonical\" href=\"https:\/\/www.dexway.com\/es\/blog\/\" \/>\n<meta property=\"og:locale\" content=\"es_ES\" \/>\n<meta property=\"og:type\" content=\"article\" \/>\n<meta property=\"og:title\" content=\"Blog elearning educativo de idiomas online, blended, laboratorios\" \/>\n<meta property=\"og:description\" content=\"Blog elearning de idiomas del sector educativo. Hablamos sobre tendencias en blended learning, formaci\u00f3n online, laboratorios, IA\" \/>\n<meta property=\"og:url\" content=\"https:\/\/www.dexway.com\/es\/blog\/\" \/>\n<meta property=\"og:site_name\" content=\"Dexway\" \/>\n<meta property=\"article:publisher\" content=\"https:\/\/www.facebook.com\/dexwayidiomas\" \/>\n<meta property=\"article:modified_time\" content=\"2026-04-20T11:08:09+00:00\" \/>\n<meta property=\"og:image\" content=\"https:\/\/www.dexway.com\/wp-content\/uploads\/2025\/11\/dexway.jpg\" \/>\n\t<meta property=\"og:image:width\" content=\"800\" \/>\n\t<meta property=\"og:image:height\" content=\"500\" \/>\n\t<meta property=\"og:image:type\" content=\"image\/jpeg\" \/>\n<meta name=\"twitter:card\" content=\"summary_large_image\" \/>\n<meta name=\"twitter:site\" content=\"@mydexway\" \/>\n<meta name=\"twitter:label1\" content=\"Tiempo de lectura\" \/>\n\t<meta name=\"twitter:data1\" content=\"7 minutos\" \/>\n<script type=\"application\/ld+json\" class=\"yoast-schema-graph\">{\"@context\":\"https:\\\/\\\/schema.org\",\"@graph\":[{\"@type\":\"WebPage\",\"@id\":\"https:\\\/\\\/www.dexway.com\\\/es\\\/blog\\\/\",\"url\":\"https:\\\/\\\/www.dexway.com\\\/es\\\/blog\\\/\",\"name\":\"Blog elearning educativo de idiomas online, blended, laboratorios\",\"isPartOf\":{\"@id\":\"https:\\\/\\\/www.dexway.com\\\/#website\"},\"datePublished\":\"2015-07-13T15:42:32+00:00\",\"dateModified\":\"2026-04-20T11:08:09+00:00\",\"description\":\"Blog elearning de idiomas del sector educativo. Hablamos sobre tendencias en blended learning, formaci\u00f3n online, laboratorios, IA\",\"breadcrumb\":{\"@id\":\"https:\\\/\\\/www.dexway.com\\\/es\\\/blog\\\/#breadcrumb\"},\"inLanguage\":\"es\",\"potentialAction\":[{\"@type\":\"ReadAction\",\"target\":[\"https:\\\/\\\/www.dexway.com\\\/es\\\/blog\\\/\"]}]},{\"@type\":\"BreadcrumbList\",\"@id\":\"https:\\\/\\\/www.dexway.com\\\/es\\\/blog\\\/#breadcrumb\",\"itemListElement\":[{\"@type\":\"ListItem\",\"position\":1,\"name\":\"Portada\",\"item\":\"https:\\\/\\\/www.dexway.com\\\/es\\\/\"},{\"@type\":\"ListItem\",\"position\":2,\"name\":\"El blog elearning de idiomas\"}]},{\"@type\":\"WebSite\",\"@id\":\"https:\\\/\\\/www.dexway.com\\\/#website\",\"url\":\"https:\\\/\\\/www.dexway.com\\\/\",\"name\":\"Dexway\",\"description\":\"Innovation in Languages\",\"publisher\":{\"@id\":\"https:\\\/\\\/www.dexway.com\\\/#organization\"},\"potentialAction\":[{\"@type\":\"SearchAction\",\"target\":{\"@type\":\"EntryPoint\",\"urlTemplate\":\"https:\\\/\\\/www.dexway.com\\\/?s={search_term_string}\"},\"query-input\":{\"@type\":\"PropertyValueSpecification\",\"valueRequired\":true,\"valueName\":\"search_term_string\"}}],\"inLanguage\":\"es\"},{\"@type\":\"Organization\",\"@id\":\"https:\\\/\\\/www.dexway.com\\\/#organization\",\"name\":\"Dexway\",\"url\":\"https:\\\/\\\/www.dexway.com\\\/\",\"logo\":{\"@type\":\"ImageObject\",\"inLanguage\":\"es\",\"@id\":\"https:\\\/\\\/www.dexway.com\\\/#\\\/schema\\\/logo\\\/image\\\/\",\"url\":\"https:\\\/\\\/www.dexway.com\\\/wp-content\\\/uploads\\\/2018\\\/09\\\/PNG100-innovation-in-languages-Logo-Dexway-RGB.png\",\"contentUrl\":\"https:\\\/\\\/www.dexway.com\\\/wp-content\\\/uploads\\\/2018\\\/09\\\/PNG100-innovation-in-languages-Logo-Dexway-RGB.png\",\"width\":314,\"height\":100,\"caption\":\"Dexway\"},\"image\":{\"@id\":\"https:\\\/\\\/www.dexway.com\\\/#\\\/schema\\\/logo\\\/image\\\/\"},\"sameAs\":[\"https:\\\/\\\/www.facebook.com\\\/dexwayidiomas\",\"https:\\\/\\\/x.com\\\/mydexway\",\"https:\\\/\\\/www.linkedin.com\\\/company\\\/dexway\\\/\",\"https:\\\/\\\/www.instagram.com\\\/dexway_idiomas\\\/\"]}]}<\/script>\n<!-- \/ Yoast SEO plugin. -->","yoast_head_json":{"title":"Blog elearning educativo de idiomas online, blended, laboratorios","description":"Blog elearning de idiomas del sector educativo. Hablamos sobre tendencias en blended learning, formaci\u00f3n online, laboratorios, IA","robots":{"index":"index","follow":"follow","max-snippet":"max-snippet:-1","max-image-preview":"max-image-preview:large","max-video-preview":"max-video-preview:-1"},"canonical":"https:\/\/www.dexway.com\/es\/blog\/","og_locale":"es_ES","og_type":"article","og_title":"Blog elearning educativo de idiomas online, blended, laboratorios","og_description":"Blog elearning de idiomas del sector educativo. Hablamos sobre tendencias en blended learning, formaci\u00f3n online, laboratorios, IA","og_url":"https:\/\/www.dexway.com\/es\/blog\/","og_site_name":"Dexway","article_publisher":"https:\/\/www.facebook.com\/dexwayidiomas","article_modified_time":"2026-04-20T11:08:09+00:00","og_image":[{"width":800,"height":500,"url":"https:\/\/www.dexway.com\/wp-content\/uploads\/2025\/11\/dexway.jpg","type":"image\/jpeg"}],"twitter_card":"summary_large_image","twitter_site":"@mydexway","twitter_misc":{"Tiempo de lectura":"7 minutos"},"schema":{"@context":"https:\/\/schema.org","@graph":[{"@type":"WebPage","@id":"https:\/\/www.dexway.com\/es\/blog\/","url":"https:\/\/www.dexway.com\/es\/blog\/","name":"Blog elearning educativo de idiomas online, blended, laboratorios","isPartOf":{"@id":"https:\/\/www.dexway.com\/#website"},"datePublished":"2015-07-13T15:42:32+00:00","dateModified":"2026-04-20T11:08:09+00:00","description":"Blog elearning de idiomas del sector educativo. Hablamos sobre tendencias en blended learning, formaci\u00f3n online, laboratorios, IA","breadcrumb":{"@id":"https:\/\/www.dexway.com\/es\/blog\/#breadcrumb"},"inLanguage":"es","potentialAction":[{"@type":"ReadAction","target":["https:\/\/www.dexway.com\/es\/blog\/"]}]},{"@type":"BreadcrumbList","@id":"https:\/\/www.dexway.com\/es\/blog\/#breadcrumb","itemListElement":[{"@type":"ListItem","position":1,"name":"Portada","item":"https:\/\/www.dexway.com\/es\/"},{"@type":"ListItem","position":2,"name":"El blog elearning de idiomas"}]},{"@type":"WebSite","@id":"https:\/\/www.dexway.com\/#website","url":"https:\/\/www.dexway.com\/","name":"Dexway","description":"Innovation in Languages","publisher":{"@id":"https:\/\/www.dexway.com\/#organization"},"potentialAction":[{"@type":"SearchAction","target":{"@type":"EntryPoint","urlTemplate":"https:\/\/www.dexway.com\/?s={search_term_string}"},"query-input":{"@type":"PropertyValueSpecification","valueRequired":true,"valueName":"search_term_string"}}],"inLanguage":"es"},{"@type":"Organization","@id":"https:\/\/www.dexway.com\/#organization","name":"Dexway","url":"https:\/\/www.dexway.com\/","logo":{"@type":"ImageObject","inLanguage":"es","@id":"https:\/\/www.dexway.com\/#\/schema\/logo\/image\/","url":"https:\/\/www.dexway.com\/wp-content\/uploads\/2018\/09\/PNG100-innovation-in-languages-Logo-Dexway-RGB.png","contentUrl":"https:\/\/www.dexway.com\/wp-content\/uploads\/2018\/09\/PNG100-innovation-in-languages-Logo-Dexway-RGB.png","width":314,"height":100,"caption":"Dexway"},"image":{"@id":"https:\/\/www.dexway.com\/#\/schema\/logo\/image\/"},"sameAs":["https:\/\/www.facebook.com\/dexwayidiomas","https:\/\/x.com\/mydexway","https:\/\/www.linkedin.com\/company\/dexway\/","https:\/\/www.instagram.com\/dexway_idiomas\/"]}]}},"_links":{"self":[{"href":"https:\/\/www.dexway.com\/es\/wp-json\/wp\/v2\/pages\/236","targetHints":{"allow":["GET"]}}],"collection":[{"href":"https:\/\/www.dexway.com\/es\/wp-json\/wp\/v2\/pages"}],"about":[{"href":"https:\/\/www.dexway.com\/es\/wp-json\/wp\/v2\/types\/page"}],"author":[{"embeddable":true,"href":"https:\/\/www.dexway.com\/es\/wp-json\/wp\/v2\/users\/17"}],"replies":[{"embeddable":true,"href":"https:\/\/www.dexway.com\/es\/wp-json\/wp\/v2\/comments?post=236"}],"version-history":[{"count":24,"href":"https:\/\/www.dexway.com\/es\/wp-json\/wp\/v2\/pages\/236\/revisions"}],"predecessor-version":[{"id":443273,"href":"https:\/\/www.dexway.com\/es\/wp-json\/wp\/v2\/pages\/236\/revisions\/443273"}],"wp:attachment":[{"href":"https:\/\/www.dexway.com\/es\/wp-json\/wp\/v2\/media?parent=236"}],"curies":[{"name":"wp","href":"https:\/\/api.w.org\/{rel}","templated":true}]}}