{"id":15568,"date":"2020-02-26T15:50:16","date_gmt":"2020-02-26T14:50:16","guid":{"rendered":"https:\/\/www.dexway.com\/?page_id=15568"},"modified":"2020-02-26T18:57:01","modified_gmt":"2020-02-26T17:57:01","slug":"guia-rapida-del-alumno-video","status":"publish","type":"page","link":"https:\/\/www.dexway.com\/es\/guia-rapida-del-alumno-video\/","title":{"rendered":"Gu\u00eda r\u00e1pida del alumno (v\u00eddeo)"},"content":{"rendered":"<p>[et_pb_section fb_built=\u00bb1&#8243; admin_label=\u00bbsection\u00bb _builder_version=\u00bb3.22&#8243; custom_padding=\u00bb14px|0px|14px|0|false|false\u00bb][et_pb_row _builder_version=\u00bb4.3.2&#8243;][et_pb_column type=\u00bb4_4&#8243; _builder_version=\u00bb4.3.2&#8243;][et_pb_text _builder_version=\u00bb4.3.2&#8243; width=\u00bb100%\u00bb max_width=\u00bb100%\u00bb module_alignment=\u00bbcenter\u00bb][\/et_pb_text][\/et_pb_column][\/et_pb_row][et_pb_row _builder_version=\u00bb4.3.2&#8243;][et_pb_column type=\u00bb4_4&#8243; _builder_version=\u00bb4.3.2&#8243;][et_pb_video src=\u00bbhttps:\/\/www.dexway.com\/wp-content\/uploads\/2020\/02\/Gu\u00eda-Estudiante-Dexway-web.mp4&#8243; src_webm=\u00bbhttps:\/\/www.dexway.com\/wp-content\/uploads\/2020\/02\/Gu\u00eda-Estudiante-Dexway-web.mp4&#8243; _builder_version=\u00bb4.3.2&#8243; hover_enabled=\u00bb0&#8243; thumbnail_overlay_color=\u00bbrgba(0,0,0,0.6)\u00bb image_src=\u00bbhttps:\/\/www.dexway.com\/wp-content\/uploads\/2020\/02\/quick-guide1.jpg\u00bb][\/et_pb_video][\/et_pb_column][\/et_pb_row][\/et_pb_section]<\/p>\n","protected":false},"excerpt":{"rendered":"","protected":false},"author":17,"featured_media":15566,"parent":0,"menu_order":0,"comment_status":"closed","ping_status":"closed","template":"","meta":{"_et_pb_use_builder":"on","_et_pb_old_content":"","_et_gb_content_width":"","footnotes":""},"class_list":["post-15568","page","type-page","status-publish","has-post-thumbnail","hentry"],"yoast_head":"<!-- This site is optimized with the Yoast SEO plugin v27.3 - https:\/\/yoast.com\/product\/yoast-seo-wordpress\/ -->\n<title>Gu\u00eda r\u00e1pida del alumno (v\u00eddeo) | Dexway<\/title>\n<meta name=\"robots\" content=\"index, follow, max-snippet:-1, max-image-preview:large, max-video-preview:-1\" \/>\n<link rel=\"canonical\" href=\"https:\/\/www.dexway.com\/es\/guia-rapida-del-alumno-video\/\" \/>\n<meta property=\"og:locale\" content=\"es_ES\" \/>\n<meta property=\"og:type\" content=\"article\" \/>\n<meta property=\"og:title\" content=\"Gu\u00eda r\u00e1pida del alumno (v\u00eddeo) | Dexway\" \/>\n<meta property=\"og:description\" content=\"Quisque eleifend orci sit amet est semper, iaculis tempor mi volutpat. Phasellus consectetur justo sed tristique molestie. Cras lectus quam, vehicula eu dictum a, sollicitudin id velit.Quisque eleifend orci sit amet est semper, iaculis tempor mi volutpat. Phasellus consectetur justo sed tristique molestie. Cras lectus quam, vehicula eu dictum a, sollicitudin id velit.Cras semper dictum [&hellip;]\" \/>\n<meta property=\"og:url\" content=\"https:\/\/www.dexway.com\/es\/guia-rapida-del-alumno-video\/\" \/>\n<meta property=\"og:site_name\" content=\"Dexway\" \/>\n<meta property=\"article:publisher\" content=\"https:\/\/www.facebook.com\/dexwayidiomas\" \/>\n<meta property=\"article:modified_time\" content=\"2020-02-26T17:57:01+00:00\" \/>\n<meta property=\"og:image\" content=\"https:\/\/www.dexway.com\/wp-content\/uploads\/2020\/02\/quick-guide1.jpg\" \/>\n\t<meta property=\"og:image:width\" content=\"1174\" \/>\n\t<meta property=\"og:image:height\" content=\"676\" \/>\n\t<meta property=\"og:image:type\" content=\"image\/jpeg\" \/>\n<meta name=\"twitter:card\" content=\"summary_large_image\" \/>\n<meta name=\"twitter:site\" content=\"@mydexway\" \/>\n<meta name=\"twitter:label1\" content=\"Tiempo de lectura\" \/>\n\t<meta name=\"twitter:data1\" content=\"1 minuto\" \/>\n<script type=\"application\/ld+json\" class=\"yoast-schema-graph\">{\"@context\":\"https:\\\/\\\/schema.org\",\"@graph\":[{\"@type\":\"WebPage\",\"@id\":\"https:\\\/\\\/www.dexway.com\\\/es\\\/guia-rapida-del-alumno-video\\\/\",\"url\":\"https:\\\/\\\/www.dexway.com\\\/es\\\/guia-rapida-del-alumno-video\\\/\",\"name\":\"Gu\u00eda r\u00e1pida del alumno (v\u00eddeo) | Dexway\",\"isPartOf\":{\"@id\":\"https:\\\/\\\/www.dexway.com\\\/#website\"},\"primaryImageOfPage\":{\"@id\":\"https:\\\/\\\/www.dexway.com\\\/es\\\/guia-rapida-del-alumno-video\\\/#primaryimage\"},\"image\":{\"@id\":\"https:\\\/\\\/www.dexway.com\\\/es\\\/guia-rapida-del-alumno-video\\\/#primaryimage\"},\"thumbnailUrl\":\"https:\\\/\\\/www.dexway.com\\\/wp-content\\\/uploads\\\/2020\\\/02\\\/quick-guide1.jpg\",\"datePublished\":\"2020-02-26T14:50:16+00:00\",\"dateModified\":\"2020-02-26T17:57:01+00:00\",\"breadcrumb\":{\"@id\":\"https:\\\/\\\/www.dexway.com\\\/es\\\/guia-rapida-del-alumno-video\\\/#breadcrumb\"},\"inLanguage\":\"es\",\"potentialAction\":[{\"@type\":\"ReadAction\",\"target\":[\"https:\\\/\\\/www.dexway.com\\\/es\\\/guia-rapida-del-alumno-video\\\/\"]}]},{\"@type\":\"ImageObject\",\"inLanguage\":\"es\",\"@id\":\"https:\\\/\\\/www.dexway.com\\\/es\\\/guia-rapida-del-alumno-video\\\/#primaryimage\",\"url\":\"https:\\\/\\\/www.dexway.com\\\/wp-content\\\/uploads\\\/2020\\\/02\\\/quick-guide1.jpg\",\"contentUrl\":\"https:\\\/\\\/www.dexway.com\\\/wp-content\\\/uploads\\\/2020\\\/02\\\/quick-guide1.jpg\",\"width\":1174,\"height\":676},{\"@type\":\"BreadcrumbList\",\"@id\":\"https:\\\/\\\/www.dexway.com\\\/es\\\/guia-rapida-del-alumno-video\\\/#breadcrumb\",\"itemListElement\":[{\"@type\":\"ListItem\",\"position\":1,\"name\":\"Portada\",\"item\":\"https:\\\/\\\/www.dexway.com\\\/es\\\/\"},{\"@type\":\"ListItem\",\"position\":2,\"name\":\"Gu\u00eda r\u00e1pida del alumno (v\u00eddeo)\"}]},{\"@type\":\"WebSite\",\"@id\":\"https:\\\/\\\/www.dexway.com\\\/#website\",\"url\":\"https:\\\/\\\/www.dexway.com\\\/\",\"name\":\"Dexway\",\"description\":\"Innovation in Languages\",\"publisher\":{\"@id\":\"https:\\\/\\\/www.dexway.com\\\/#organization\"},\"potentialAction\":[{\"@type\":\"SearchAction\",\"target\":{\"@type\":\"EntryPoint\",\"urlTemplate\":\"https:\\\/\\\/www.dexway.com\\\/?s={search_term_string}\"},\"query-input\":{\"@type\":\"PropertyValueSpecification\",\"valueRequired\":true,\"valueName\":\"search_term_string\"}}],\"inLanguage\":\"es\"},{\"@type\":\"Organization\",\"@id\":\"https:\\\/\\\/www.dexway.com\\\/#organization\",\"name\":\"Dexway\",\"url\":\"https:\\\/\\\/www.dexway.com\\\/\",\"logo\":{\"@type\":\"ImageObject\",\"inLanguage\":\"es\",\"@id\":\"https:\\\/\\\/www.dexway.com\\\/#\\\/schema\\\/logo\\\/image\\\/\",\"url\":\"https:\\\/\\\/www.dexway.com\\\/wp-content\\\/uploads\\\/2018\\\/09\\\/PNG100-innovation-in-languages-Logo-Dexway-RGB.png\",\"contentUrl\":\"https:\\\/\\\/www.dexway.com\\\/wp-content\\\/uploads\\\/2018\\\/09\\\/PNG100-innovation-in-languages-Logo-Dexway-RGB.png\",\"width\":314,\"height\":100,\"caption\":\"Dexway\"},\"image\":{\"@id\":\"https:\\\/\\\/www.dexway.com\\\/#\\\/schema\\\/logo\\\/image\\\/\"},\"sameAs\":[\"https:\\\/\\\/www.facebook.com\\\/dexwayidiomas\",\"https:\\\/\\\/x.com\\\/mydexway\",\"https:\\\/\\\/www.linkedin.com\\\/company\\\/dexway\\\/\",\"https:\\\/\\\/www.instagram.com\\\/dexway_idiomas\\\/\"]}]}<\/script>\n<!-- \/ Yoast SEO plugin. -->","yoast_head_json":{"title":"Gu\u00eda r\u00e1pida del alumno (v\u00eddeo) | Dexway","robots":{"index":"index","follow":"follow","max-snippet":"max-snippet:-1","max-image-preview":"max-image-preview:large","max-video-preview":"max-video-preview:-1"},"canonical":"https:\/\/www.dexway.com\/es\/guia-rapida-del-alumno-video\/","og_locale":"es_ES","og_type":"article","og_title":"Gu\u00eda r\u00e1pida del alumno (v\u00eddeo) | Dexway","og_description":"Quisque eleifend orci sit amet est semper, iaculis tempor mi volutpat. Phasellus consectetur justo sed tristique molestie. Cras lectus quam, vehicula eu dictum a, sollicitudin id velit.Quisque eleifend orci sit amet est semper, iaculis tempor mi volutpat. Phasellus consectetur justo sed tristique molestie. Cras lectus quam, vehicula eu dictum a, sollicitudin id velit.Cras semper dictum [&hellip;]","og_url":"https:\/\/www.dexway.com\/es\/guia-rapida-del-alumno-video\/","og_site_name":"Dexway","article_publisher":"https:\/\/www.facebook.com\/dexwayidiomas","article_modified_time":"2020-02-26T17:57:01+00:00","og_image":[{"width":1174,"height":676,"url":"https:\/\/www.dexway.com\/wp-content\/uploads\/2020\/02\/quick-guide1.jpg","type":"image\/jpeg"}],"twitter_card":"summary_large_image","twitter_site":"@mydexway","twitter_misc":{"Tiempo de lectura":"1 minuto"},"schema":{"@context":"https:\/\/schema.org","@graph":[{"@type":"WebPage","@id":"https:\/\/www.dexway.com\/es\/guia-rapida-del-alumno-video\/","url":"https:\/\/www.dexway.com\/es\/guia-rapida-del-alumno-video\/","name":"Gu\u00eda r\u00e1pida del alumno (v\u00eddeo) | Dexway","isPartOf":{"@id":"https:\/\/www.dexway.com\/#website"},"primaryImageOfPage":{"@id":"https:\/\/www.dexway.com\/es\/guia-rapida-del-alumno-video\/#primaryimage"},"image":{"@id":"https:\/\/www.dexway.com\/es\/guia-rapida-del-alumno-video\/#primaryimage"},"thumbnailUrl":"https:\/\/www.dexway.com\/wp-content\/uploads\/2020\/02\/quick-guide1.jpg","datePublished":"2020-02-26T14:50:16+00:00","dateModified":"2020-02-26T17:57:01+00:00","breadcrumb":{"@id":"https:\/\/www.dexway.com\/es\/guia-rapida-del-alumno-video\/#breadcrumb"},"inLanguage":"es","potentialAction":[{"@type":"ReadAction","target":["https:\/\/www.dexway.com\/es\/guia-rapida-del-alumno-video\/"]}]},{"@type":"ImageObject","inLanguage":"es","@id":"https:\/\/www.dexway.com\/es\/guia-rapida-del-alumno-video\/#primaryimage","url":"https:\/\/www.dexway.com\/wp-content\/uploads\/2020\/02\/quick-guide1.jpg","contentUrl":"https:\/\/www.dexway.com\/wp-content\/uploads\/2020\/02\/quick-guide1.jpg","width":1174,"height":676},{"@type":"BreadcrumbList","@id":"https:\/\/www.dexway.com\/es\/guia-rapida-del-alumno-video\/#breadcrumb","itemListElement":[{"@type":"ListItem","position":1,"name":"Portada","item":"https:\/\/www.dexway.com\/es\/"},{"@type":"ListItem","position":2,"name":"Gu\u00eda r\u00e1pida del alumno (v\u00eddeo)"}]},{"@type":"WebSite","@id":"https:\/\/www.dexway.com\/#website","url":"https:\/\/www.dexway.com\/","name":"Dexway","description":"Innovation in Languages","publisher":{"@id":"https:\/\/www.dexway.com\/#organization"},"potentialAction":[{"@type":"SearchAction","target":{"@type":"EntryPoint","urlTemplate":"https:\/\/www.dexway.com\/?s={search_term_string}"},"query-input":{"@type":"PropertyValueSpecification","valueRequired":true,"valueName":"search_term_string"}}],"inLanguage":"es"},{"@type":"Organization","@id":"https:\/\/www.dexway.com\/#organization","name":"Dexway","url":"https:\/\/www.dexway.com\/","logo":{"@type":"ImageObject","inLanguage":"es","@id":"https:\/\/www.dexway.com\/#\/schema\/logo\/image\/","url":"https:\/\/www.dexway.com\/wp-content\/uploads\/2018\/09\/PNG100-innovation-in-languages-Logo-Dexway-RGB.png","contentUrl":"https:\/\/www.dexway.com\/wp-content\/uploads\/2018\/09\/PNG100-innovation-in-languages-Logo-Dexway-RGB.png","width":314,"height":100,"caption":"Dexway"},"image":{"@id":"https:\/\/www.dexway.com\/#\/schema\/logo\/image\/"},"sameAs":["https:\/\/www.facebook.com\/dexwayidiomas","https:\/\/x.com\/mydexway","https:\/\/www.linkedin.com\/company\/dexway\/","https:\/\/www.instagram.com\/dexway_idiomas\/"]}]}},"_links":{"self":[{"href":"https:\/\/www.dexway.com\/es\/wp-json\/wp\/v2\/pages\/15568","targetHints":{"allow":["GET"]}}],"collection":[{"href":"https:\/\/www.dexway.com\/es\/wp-json\/wp\/v2\/pages"}],"about":[{"href":"https:\/\/www.dexway.com\/es\/wp-json\/wp\/v2\/types\/page"}],"author":[{"embeddable":true,"href":"https:\/\/www.dexway.com\/es\/wp-json\/wp\/v2\/users\/17"}],"replies":[{"embeddable":true,"href":"https:\/\/www.dexway.com\/es\/wp-json\/wp\/v2\/comments?post=15568"}],"version-history":[{"count":0,"href":"https:\/\/www.dexway.com\/es\/wp-json\/wp\/v2\/pages\/15568\/revisions"}],"wp:featuredmedia":[{"embeddable":true,"href":"https:\/\/www.dexway.com\/es\/wp-json\/wp\/v2\/media\/15566"}],"wp:attachment":[{"href":"https:\/\/www.dexway.com\/es\/wp-json\/wp\/v2\/media?parent=15568"}],"curies":[{"name":"wp","href":"https:\/\/api.w.org\/{rel}","templated":true}]}}